{"id":13339,"date":"2024-03-04T14:03:32","date_gmt":"2024-03-04T12:03:32","guid":{"rendered":"https:\/\/leconquerantrouen.com\/terms-of-use\/"},"modified":"2024-03-04T16:27:08","modified_gmt":"2024-03-04T16:27:08","slug":"terms-of-use","status":"publish","type":"page","link":"https:\/\/leconquerantrouen.com\/en\/terms-of-use\/","title":{"rendered":"Terms of use"},"content":{"rendered":"\t\t<div data-elementor-type=\"wp-page\" data-elementor-id=\"13339\" class=\"elementor elementor-13339 elementor-13332\" data-elementor-post-type=\"page\">\n\t\t\t\t\t\t<section class=\"elementor-section elementor-top-section elementor-element elementor-element-4d6d3660 elementor-section-height-min-height elementor-section-full_width elementor-section-height-default elementor-section-items-middle\" data-id=\"4d6d3660\" data-element_type=\"section\" data-e-type=\"section\" data-settings=\"{&quot;background_background&quot;:&quot;classic&quot;}\">\n\t\t\t\t\t\t\t<div class=\"elementor-background-overlay\"><\/div>\n\t\t\t\t\t\t\t<div class=\"elementor-container elementor-column-gap-no\">\n\t\t\t\t\t<div class=\"elementor-column elementor-col-100 elementor-top-column elementor-element elementor-element-7b072c4a\" data-id=\"7b072c4a\" data-element_type=\"column\" data-e-type=\"column\" data-settings=\"{&quot;background_background&quot;:&quot;classic&quot;}\">\n\t\t\t<div class=\"elementor-widget-wrap elementor-element-populated\">\n\t\t\t\t\t\t<div class=\"elementor-element elementor-element-7e8c9f52 elementor-widget elementor-widget-heading\" data-id=\"7e8c9f52\" data-element_type=\"widget\" data-e-type=\"widget\" data-widget_type=\"heading.default\">\n\t\t\t\t<div class=\"elementor-widget-container\">\n\t\t\t\t\t<h2 class=\"elementor-heading-title elementor-size-default\">Terms of use\n<\/h2>\t\t\t\t<\/div>\n\t\t\t\t<\/div>\n\t\t\t\t\t<\/div>\n\t\t<\/div>\n\t\t\t\t\t<\/div>\n\t\t<\/section>\n\t\t\t\t<section class=\"elementor-section elementor-top-section elementor-element elementor-element-62a1f104 elementor-section-boxed elementor-section-height-default elementor-section-height-default\" data-id=\"62a1f104\" data-element_type=\"section\" data-e-type=\"section\">\n\t\t\t\t\t\t<div class=\"elementor-container elementor-column-gap-default\">\n\t\t\t\t\t<div class=\"elementor-column elementor-col-100 elementor-top-column elementor-element elementor-element-20849ccf\" data-id=\"20849ccf\" data-element_type=\"column\" data-e-type=\"column\">\n\t\t\t<div class=\"elementor-widget-wrap elementor-element-populated\">\n\t\t\t\t\t\t<div class=\"elementor-element elementor-element-5d29eed4 elementor-widget elementor-widget-text-editor\" data-id=\"5d29eed4\" data-element_type=\"widget\" data-e-type=\"widget\" data-widget_type=\"text-editor.default\">\n\t\t\t\t<div class=\"elementor-widget-container\">\n\t\t\t\t\t\t\t\t\t<p><strong>Site ownership :<\/strong><\/p>\n<p><span style=\"color: var( --e-global-color-text ); font-family: var( --e-global-typography-text-font-family ), Sans-serif; font-weight: var( --e-global-typography-text-font-weight ); font-size: var(--font-size); letter-spacing: var(--letter-spacing);\">This site is the property of Le Conqu\u00e9rant, SAS registered in the Rouen Trade and Companies Register under no. 847 589 766, whose head office is located at 332, rue du G\u00e9n\u00e9ral de Gaulle 76230 Bois-Guillaume, France.<\/span><\/p>\n<p><strong style=\"color: var( --e-global-color-text ); font-family: var( --e-global-typography-text-font-family ), Sans-serif; font-size: var(--font-size); letter-spacing: var(--letter-spacing);\">Publisher information :<\/strong><\/p>\n<p><span style=\"color: var( --e-global-color-text ); font-family: var( --e-global-typography-text-font-family ), Sans-serif; font-weight: var( --e-global-typography-text-font-weight ); font-size: var(--font-size); letter-spacing: var(--letter-spacing);\">Director of publication : <\/span><a style=\"font-family: var( --e-global-typography-text-font-family ), Sans-serif; font-weight: var( --e-global-typography-text-font-weight ); background-color: #ffffff; font-size: var(--font-size); letter-spacing: var(--letter-spacing);\" href=\"https:\/\/www.les-inspiratrices.com\/\">Agence &#8220;Les Inspiratrices<\/a><span style=\"color: var( --e-global-color-text ); font-family: var( --e-global-typography-text-font-family ), Sans-serif; font-weight: var( --e-global-typography-text-font-weight ); font-size: var(--font-size); letter-spacing: var(--letter-spacing);\"> | Fr\u00e9d\u00e9rique Hanssens<\/span><\/p>\n<p>Production: <a href=\"https:\/\/www.digisoft.pro\">Agence Digisoft<\/a><br \/>Hosting: OVH located at 10, rue Merc\u0153ur &#8211; 75011 Paris &#8211; Tel. : 01 83 64 00 00.<br \/>Photographs : <a style=\"font-family: var( --e-global-typography-text-font-family ), Sans-serif; font-weight: var( --e-global-typography-text-font-weight ); font-size: var(--font-size); letter-spacing: var(--letter-spacing); background-color: #ffffff;\" href=\"https:\/\/www.les-inspiratrices.com\/\">Les Inspiratrices&#8221; agency<\/a><span style=\"color: var( --e-global-color-text ); font-family: var( --e-global-typography-text-font-family ), Sans-serif; font-weight: var( --e-global-typography-text-font-weight ); font-size: var(--font-size); letter-spacing: var(--letter-spacing);\"> <\/span><\/p>\n<p><strong style=\"color: var( --e-global-color-text ); font-family: var( --e-global-typography-text-font-family ), Sans-serif; font-size: var(--font-size); letter-spacing: var(--letter-spacing);\">Intellectual property and terms and conditions :<\/strong><\/p>\n<p><span style=\"color: var( --e-global-color-text ); font-family: var( --e-global-typography-text-font-family ), Sans-serif; font-weight: var( --e-global-typography-text-font-weight ); font-size: var(--font-size); letter-spacing: var(--letter-spacing);\">The general structure, texts, images, drawings, illustrations, logos, as well as all elements making up the Site, are the exclusive property of SAS &#8220;Le Conqu\u00e9rant&#8221;. Any use, reproduction or representation, in whole or in part, by any means whatsoever, of the site or any of its elements, without the express prior authorization of SAS &#8220;Le Conqu\u00e9rant&#8221;, is prohibited. Any dispute relating to the interpretation or execution of a contractual or non-contractual commitment linked to the content of SAS &#8220;Le Conqu\u00e9rant&#8221; will be under the exclusive jurisdiction of the Courts of Rouen in application of French law.<\/span><\/p>\n<p><strong style=\"color: var( --e-global-color-text ); font-family: var( --e-global-typography-text-font-family ), Sans-serif; font-size: var(--font-size); letter-spacing: var(--letter-spacing);\">Information for prospects and customers of SAS &#8220;Le Conqu\u00e9rant<\/strong><\/p>\n<p><span style=\"color: var( --e-global-color-text ); font-family: var( --e-global-typography-text-font-family ), Sans-serif; font-weight: var( --e-global-typography-text-font-weight ); font-size: var(--font-size); letter-spacing: var(--letter-spacing);\">Data controller: SAS &#8220;Le Conqu\u00e9rant&#8221;.<\/span><\/p>\n<p>The treatment may have the following objectives:<\/p>\n<ul>\n<li>Carry out operations relating to the management of our customer relationships, including customer relations (including satisfaction surveys), contracts, orders, deliveries, invoices, accounting and customer account management.<\/li>\n<li>The sales approach ;<\/li>\n<li>Statistics ;<\/li>\n<li>Request for right of access, rectification and opposition;<\/li>\n<li>The management of unpaid invoices and disputes, provided that they do not relate to offences and\/or do not result in the exclusion of a person from a right, service or contract.<\/li>\n<\/ul>\n<p>Your personal data will be treated confidentially, and only employees of SAS &#8220;Le Conqu\u00e9rant&#8221; will have access to it.<\/p>\n<p>Your data will be kept by &#8220;Le Conqu\u00e9rant&#8221; for a period of 5 years.<\/p>\n<p><span style=\"color: var( --e-global-color-text ); font-family: var( --e-global-typography-text-font-family ), Sans-serif; font-weight: var( --e-global-typography-text-font-weight ); font-size: var(--font-size); letter-spacing: var(--letter-spacing);\">In accordance with the regulations applicable to personal data, you have the right to access, rectify, oppose, limit processing, request the transfer of your data, where this can be done, and have it deleted. You may exercise this right:<\/span><\/p>\n<p>Or by post to the following address: Le Conqu\u00e9rant 332, rue du G\u00e9n\u00e9ral de Gaulle 76230 Bois-Guillaume, France<\/p>\n<p>Or by email to the following address <a href=\"mailto:rgpd@leconquerantrouen.fr\"><br \/>\n  <strong>rgpd@leconquerantrouen.fr<\/strong><br \/>\n<\/a> <\/p>\n<p><span style=\"color: var( --e-global-color-text ); font-family: var( --e-global-typography-text-font-family ), Sans-serif; font-weight: var( --e-global-typography-text-font-weight ); font-size: var(--font-size); letter-spacing: var(--letter-spacing);\">In this case, please state your full name and postal address, and enclose a copy of your identity card.<\/span><\/p><\/p>\n\t\t\t\t\t\t\t\t<\/div>\n\t\t\t\t<\/div>\n\t\t\t\t\t<\/div>\n\t\t<\/div>\n\t\t\t\t\t<\/div>\n\t\t<\/section>\n\t\t\t\t<\/div>\n\t\t","protected":false},"excerpt":{"rendered":"<p>Terms of use Site ownership : This site is the property of Le Conqu\u00e9rant, SAS registered in the Rouen Trade and Companies Register under no. 847 589 766, whose head office is located at 332, rue du G\u00e9n\u00e9ral de Gaulle 76230 Bois-Guillaume, France. Publisher information : Director of publication : Agence &#8220;Les Inspiratrices | Fr\u00e9d\u00e9rique [&hellip;]<\/p>\n","protected":false},"author":3,"featured_media":0,"parent":0,"menu_order":0,"comment_status":"closed","ping_status":"closed","template":"elementor_header_footer","meta":{"footnotes":""},"class_list":["post-13339","page","type-page","status-publish","hentry"],"aioseo_notices":[],"_links":{"self":[{"href":"https:\/\/leconquerantrouen.com\/en\/wp-json\/wp\/v2\/pages\/13339","targetHints":{"allow":["GET"]}}],"collection":[{"href":"https:\/\/leconquerantrouen.com\/en\/wp-json\/wp\/v2\/pages"}],"about":[{"href":"https:\/\/leconquerantrouen.com\/en\/wp-json\/wp\/v2\/types\/page"}],"author":[{"embeddable":true,"href":"https:\/\/leconquerantrouen.com\/en\/wp-json\/wp\/v2\/users\/3"}],"replies":[{"embeddable":true,"href":"https:\/\/leconquerantrouen.com\/en\/wp-json\/wp\/v2\/comments?post=13339"}],"version-history":[{"count":3,"href":"https:\/\/leconquerantrouen.com\/en\/wp-json\/wp\/v2\/pages\/13339\/revisions"}],"predecessor-version":[{"id":13342,"href":"https:\/\/leconquerantrouen.com\/en\/wp-json\/wp\/v2\/pages\/13339\/revisions\/13342"}],"wp:attachment":[{"href":"https:\/\/leconquerantrouen.com\/en\/wp-json\/wp\/v2\/media?parent=13339"}],"curies":[{"name":"wp","href":"https:\/\/api.w.org\/{rel}","templated":true}]}}